{"id":44,"date":"2017-02-23T08:22:15","date_gmt":"2017-02-23T07:22:15","guid":{"rendered":"http:\/\/neuropsychologue-tcc-rochefort.fr\/?page_id=44"},"modified":"2017-03-25T16:36:41","modified_gmt":"2017-03-25T15:36:41","slug":"accompagnement-neuropsychologique","status":"publish","type":"page","link":"https:\/\/neuropsychologue-tcc-rochefort.fr\/index.php\/interventions\/accompagnement-neuropsychologique\/","title":{"rendered":"Accompagnement neuropsychologique"},"content":{"rendered":"<ul class=\"sousMenuList\">\n<li><a href=\"#remed\" class=\"_ps2id\">La remediation cognitive<\/a><\/li>\n<li class=\"bullet\">\u2022<\/li>\n<li><a href=\"#guid\" class=\"_ps2id\">Guidance de l\u2019entourage<\/a><\/li>\n<\/ul>\n<p class=\"pClass\">A l\u2019issue du bilan neuropsychologique, un accompagnement neuropsychologique peut \u00eatre mis en place en fonction des besoins.<br \/>\nIl s&rsquo;adresse aussi bien aux enfants et adolescents qu\u2019aux adultes.<br \/>\nL&rsquo;accompagnement neuropsychologique n&rsquo;est pas syst\u00e9matiquement propos\u00e9 et d\u00e9pend de la demande et des conclusions du bilan.<\/p>\n<h4 id=\"remed\">La remediation cognitive<\/h4>\n<p class=\"pClass\" >La rem\u00e9diation cognitive est une m\u00e9thode de prise en charge des difficult\u00e9s cognitives.<br \/>Elle consiste \u00e0 am\u00e9liorer les processus de traitement cognitif, \u00e0 acqu\u00e9rir de nouvelles strat\u00e9gies cognitives et\/ou \u00e0 utiliser des strat\u00e9gies de compensation.<\/p>\n<p><p class=\"pClass\"> Elle concerne notamment les troubles de la m\u00e9moire (apprentissage, restitution), de l\u2019attention et des fonctions ex\u00e9cutives (m\u00e9moire de travail, planification, inhibition, flexibilit\u00e9 mentale). <\/p>\n<p><p class=\"pClass\"> L\u2019accent est mis sur la connaissance et la compr\u00e9hension que la personne a de son propre fonctionnement cognitif, afin de potentialiser ses capacit\u00e9s d\u2019apprentissage et d\u2019adaptation. <\/p>\n<p><p class=\"pClass\">L\u2019objectif est d\u2019am\u00e9liorer durablement le fonctionnement de la personne dans ses activit\u00e9s quotidiennes, de renforcer son autonomie, d\u2019am\u00e9liorer sa confiance en soi, son sentiment de bien-\u00eatre et sa qualit\u00e9 de vie.<br \/><strong>Chaque prise en charge est sp\u00e9cifique et adapt\u00e9e aux particularit\u00e9s des personnes. Seul un bilan neuropsychologique pr\u00e9alable peut d\u00e9terminer les besoins et orienter la prise en charge en rem\u00e9diation cognitive.<\/strong><br \/>Un programme personnalis\u00e9 de prise en charge est mis en place. Le nombre de s\u00e9ances varie en fonction des besoins et des objectifs des personnes (entre 3 et 12 s\u00e9ances, sur une dur\u00e9e maximum de 3 mois).<\/p>\n<p><h4 id=\"guid\">Guidance de l\u2019entourage<\/h4>\n<p class=\"pClass\">La prise en charge neuropsychologique prend en compte la r\u00e9alit\u00e9 de la vie de la personne et int\u00e8gre l\u2019entourage (parents, conjoints, aidants) dans l\u2019accompagnement.<br \/>Des s\u00e9ances de soutien sont propos\u00e9es aux parents ou autres aidants familiaux afin d\u2019\u00e9changer autour de leur v\u00e9cu et de la mani\u00e8re d\u2019appr\u00e9hender les difficult\u00e9s de leur proche.<\/p>\n","protected":false},"excerpt":{"rendered":"<p>\u2022 A l\u2019issue du bilan neuropsychologique, un accompagnement neuropsychologique peut \u00eatre mis en place en fonction des besoins. Il s&rsquo;adresse aussi bien aux enfants et adolescents qu\u2019aux adultes. L&rsquo;accompagnement neuropsychologique n&rsquo;est pas syst\u00e9matiquement propos\u00e9 et d\u00e9pend de la demande et<\/p>\n","protected":false},"author":2,"featured_media":0,"parent":26,"menu_order":0,"comment_status":"closed","ping_status":"closed","template":"","meta":[],"_links":{"self":[{"href":"https:\/\/neuropsychologue-tcc-rochefort.fr\/index.php\/wp-json\/wp\/v2\/pages\/44"}],"collection":[{"href":"https:\/\/neuropsychologue-tcc-rochefort.fr\/index.php\/wp-json\/wp\/v2\/pages"}],"about":[{"href":"https:\/\/neuropsychologue-tcc-rochefort.fr\/index.php\/wp-json\/wp\/v2\/types\/page"}],"author":[{"embeddable":true,"href":"https:\/\/neuropsychologue-tcc-rochefort.fr\/index.php\/wp-json\/wp\/v2\/users\/2"}],"replies":[{"embeddable":true,"href":"https:\/\/neuropsychologue-tcc-rochefort.fr\/index.php\/wp-json\/wp\/v2\/comments?post=44"}],"version-history":[{"count":11,"href":"https:\/\/neuropsychologue-tcc-rochefort.fr\/index.php\/wp-json\/wp\/v2\/pages\/44\/revisions"}],"predecessor-version":[{"id":417,"href":"https:\/\/neuropsychologue-tcc-rochefort.fr\/index.php\/wp-json\/wp\/v2\/pages\/44\/revisions\/417"}],"up":[{"embeddable":true,"href":"https:\/\/neuropsychologue-tcc-rochefort.fr\/index.php\/wp-json\/wp\/v2\/pages\/26"}],"wp:attachment":[{"href":"https:\/\/neuropsychologue-tcc-rochefort.fr\/index.php\/wp-json\/wp\/v2\/media?parent=44"}],"curies":[{"name":"wp","href":"https:\/\/api.w.org\/{rel}","templated":true}]}}