{"id":28,"date":"2017-02-23T08:12:11","date_gmt":"2017-02-23T07:12:11","guid":{"rendered":"http:\/\/neuropsychologue-tcc-rochefort.fr\/?page_id=28"},"modified":"2024-08-31T18:01:51","modified_gmt":"2024-08-31T16:01:51","slug":"tarifs","status":"publish","type":"page","link":"https:\/\/neuropsychologue-tcc-rochefort.fr\/index.php\/tarifs\/","title":{"rendered":"Tarifs"},"content":{"rendered":"<ul style=\"list-style-type: disc;\">\n<li style=\"list-style-type: none;\">\n<ul style=\"list-style-type: disc;\">\n<li><b>Forfait Bilan <\/b>(comprend la premi\u00e8re consultation sous forme d\u2019entretien, les s\u00e9ances d\u2019\u00e9valuation,\u00a0 le compte-rendu oral et \u00e9crit, les \u00e9ventuels \u00e9changes\/contacts avec les autres professionnels)\n<ul style=\"list-style-type: circle;\">\n<li><b>Bilan psychom\u00e9trique <\/b>(\u00ab\u00a0QI\u00a0\u00bb) <b>: 250 \u20ac<\/b><\/li>\n<li><b>Bilan neuropsychologique sp\u00e9cifique sans QI <\/b>(attention, m\u00e9moire, fonctions ex\u00e9cutives, etc..) <b>: 270 \u20ac*<\/b><\/li>\n<li><b>Bilan global <\/b>(\u00ab\u00a0QI\u00a0\u00bb + neuropsychologique) <b>: 380 \u20ac*<\/b><\/li>\n<li><b>ADI-R <\/b>(entretien diagnostic TSA) <b>: 250 \u20ac<\/b><\/li>\n<li>Certains <strong>bilans neuropsychologiques sp\u00e9cifiques<\/strong> n\u00e9cessitent un devis (me contacter)<\/li>\n<\/ul>\n<\/li>\n<li><b>Consultation<\/b> (entretien autour de vos questionnements, besoins, attentes) : <b>60 \u20ac<\/b><\/li>\n<\/ul>\n<\/li>\n<\/ul>\n<ul>\n<li style=\"list-style-type: none;\">\n<ul style=\"list-style-type: disc;\">\n<li><b>Rem\u00e9diation cognitive<\/b> (s\u00e9ance de 30 minutes)<strong> : 45 \u20ac<\/strong><\/li>\n<\/ul>\n<\/li>\n<\/ul>\n<ul style=\"list-style-type: disc;\">\n<li><b>S\u00e9ance de th\u00e9rapie comportementale et cognitive <\/b> : <b>60 \u20ac\u00a0<\/b><\/li>\n<\/ul>\n<p class=\"pClassSm\"><strong>*Ces tarifs sont donn\u00e9s \u00e0 titre indicatif. La r\u00e9alisation d\u2019un bilan neuropsychologique est variable et d\u00e9pend des tests \u00e0 r\u00e9aliser. N\u2019h\u00e9siter pas \u00e0 <a href=\"http:\/\/neuropsychologue-tcc-rochefort.fr\/index.php\/contact\/\">me contacter<\/a> afin de r\u00e9aliser un devis ou pour toute autre information.<\/strong><\/p>\n<h4 id=\"aidesFin\">Aides au financement<\/h4>\n<p class=\"pClass\">Les prestations ne sont pas rembours\u00e9es par la s\u00e9curit\u00e9 sociale. Toutefois, des possibilit\u00e9s d\u2019aides financi\u00e8res existent.<\/p>\n<p class=\"pClass\">Divers organismes peuvent donner lieu \u00e0 des financements :<\/p>\n<ul style=\"list-style-type: disc;\">\n<li style=\"list-style-type: none;\">\n<ul style=\"list-style-type: disc;\">\n<li><b>MDPH (Maison D\u00e9partementale des Personnes Handicap\u00e9es): <\/b>\n<ul style=\"list-style-type: circle;\">\n<li>Pour financer les s\u00e9ances concernant un enfant, il est possible d\u2019obtenir l\u2019<strong>AEEH <\/strong><br \/>\n(Allocation Education Enfant Handicap\u00e9) ou un compl\u00e9ment \u00e0 l\u2019AEEH si vous b\u00e9n\u00e9ficiez d\u00e9j\u00e0 de cette allocation.<\/li>\n<li>Pour les adultes de moins de 60 ans et pour les enfants, il est possible d\u2019obtenir la <strong>PCH<\/strong><br \/>\n(Prestation de Compensation du Handicap) en demandant une aide financi\u00e8re au titre des charges sp\u00e9cifiques ou charges exceptionnelles.<br \/>\n<strong> Renseignez-vous aupr\u00e8s de la MDPH<\/strong>.<\/li>\n<\/ul>\n<\/li>\n<\/ul>\n<\/li>\n<\/ul>\n<ul style=\"list-style-type: disc;\">\n<li style=\"list-style-type: none;\">\n<ul style=\"list-style-type: disc;\">\n<li><b> CPAM : <\/b><br \/>\nUne prestation Extral\u00e9gale peut \u00eatre demand\u00e9e.<\/li>\n<\/ul>\n<\/li>\n<\/ul>\n<ul style=\"list-style-type: disc;\">\n<li style=\"list-style-type: none;\">\n<ul style=\"list-style-type: disc;\">\n<li><b> Assurances scolaires : <\/b><br \/>\nCertaines assurances prennent en charge plusieurs s\u00e9ances inclues dans le contrat d\u2019assurance scolaire.<\/li>\n<\/ul>\n<\/li>\n<\/ul>\n<ul style=\"list-style-type: disc;\">\n<li><b>Mutuelles et caisses de retraite : <\/b>\n<ul style=\"list-style-type: circle;\">\n<li style=\"list-style-type: none;\">\n<ul style=\"list-style-type: circle;\">\n<li>De nombreuses mutuelles ou caisses de retraite prennent en charge une partie des frais. Voici quelques exemples de mutuelles pouvant rembourser, selon votre contrat, une partie des s\u00e9ances:<img loading=\"lazy\" class=\"alignnone size-full wp-image-428\" src=\"http:\/\/neuropsychologue-tcc-rochefort.fr\/wp-content\/uploads\/2017\/03\/mutuelles.png\" alt=\"\" width=\"400\" height=\"242\" srcset=\"https:\/\/neuropsychologue-tcc-rochefort.fr\/wp-content\/uploads\/2017\/03\/mutuelles.png 400w, https:\/\/neuropsychologue-tcc-rochefort.fr\/wp-content\/uploads\/2017\/03\/mutuelles-300x182.png 300w\" sizes=\"(max-width: 400px) 100vw, 400px\" \/><br \/>\nCette liste ne comprend pas toutes les mutuelles et il est possible que votre mutuelle n\u2019apparaisse pas dans cette liste.<\/p>\n<p>Pour plus de pr\u00e9cisions, <strong>contactez directement votre mutuelle afin d\u2019obtenir des renseignements sur les conditions de remboursement<\/strong> :<\/p>\n<p>&#8211; <strong>les modalit\u00e9s de prise en charge (besoin d\u2019une prescription m\u00e9dicale pour \u00eatre rembours\u00e9 ?)<br \/>\n<\/strong><br \/>\n&#8211; <strong>les prestations qui peuvent \u00eatre rembours\u00e9es (bilan? th\u00e9rapie?) <\/strong><\/p>\n<p>&#8211; <strong>le montant des remboursements (nombre de consultations rembours\u00e9es? montant rembours\u00e9 par consultation? remboursement au forfait?) <\/strong><\/li>\n<\/ul>\n<\/li>\n<\/ul>\n<p class=\"pClass\">Pour vos remboursements, il vous sera\u00a0remis\u00a0une <strong>facture<\/strong>\u00a0pour chacune de vos s\u00e9ances.<\/p>\n<p class=\"pClass\">Paiements accept\u00e9s : ch\u00e8ques et esp\u00e8ces.<br \/>\nPossibilit\u00e9s de paiement en plusieurs mensualit\u00e9s.<\/p>\n<\/li>\n<\/ul>\n","protected":false},"excerpt":{"rendered":"<p>Forfait Bilan (comprend la premi\u00e8re consultation sous forme d\u2019entretien, les s\u00e9ances d\u2019\u00e9valuation,\u00a0 le compte-rendu oral et \u00e9crit, les \u00e9ventuels \u00e9changes\/contacts avec les autres professionnels) Bilan psychom\u00e9trique (\u00ab\u00a0QI\u00a0\u00bb) : 250 \u20ac Bilan neuropsychologique sp\u00e9cifique sans QI (attention, m\u00e9moire, fonctions ex\u00e9cutives, etc..)<\/p>\n","protected":false},"author":2,"featured_media":0,"parent":0,"menu_order":0,"comment_status":"closed","ping_status":"closed","template":"","meta":[],"_links":{"self":[{"href":"https:\/\/neuropsychologue-tcc-rochefort.fr\/index.php\/wp-json\/wp\/v2\/pages\/28"}],"collection":[{"href":"https:\/\/neuropsychologue-tcc-rochefort.fr\/index.php\/wp-json\/wp\/v2\/pages"}],"about":[{"href":"https:\/\/neuropsychologue-tcc-rochefort.fr\/index.php\/wp-json\/wp\/v2\/types\/page"}],"author":[{"embeddable":true,"href":"https:\/\/neuropsychologue-tcc-rochefort.fr\/index.php\/wp-json\/wp\/v2\/users\/2"}],"replies":[{"embeddable":true,"href":"https:\/\/neuropsychologue-tcc-rochefort.fr\/index.php\/wp-json\/wp\/v2\/comments?post=28"}],"version-history":[{"count":19,"href":"https:\/\/neuropsychologue-tcc-rochefort.fr\/index.php\/wp-json\/wp\/v2\/pages\/28\/revisions"}],"predecessor-version":[{"id":610,"href":"https:\/\/neuropsychologue-tcc-rochefort.fr\/index.php\/wp-json\/wp\/v2\/pages\/28\/revisions\/610"}],"wp:attachment":[{"href":"https:\/\/neuropsychologue-tcc-rochefort.fr\/index.php\/wp-json\/wp\/v2\/media?parent=28"}],"curies":[{"name":"wp","href":"https:\/\/api.w.org\/{rel}","templated":true}]}}